{"id":6386,"date":"2023-05-09T15:44:25","date_gmt":"2023-05-09T15:44:25","guid":{"rendered":"https:\/\/rocket.hofa.de\/?page_id=6386"},"modified":"2026-01-12T15:21:46","modified_gmt":"2026-01-12T15:21:46","slug":"imprint","status":"publish","type":"page","link":"https:\/\/hofa.de\/en\/imprint\/","title":{"rendered":"Imprint"},"content":{"rendered":"\t\t<div data-elementor-type=\"wp-page\" data-elementor-id=\"6386\" class=\"elementor elementor-6386 elementor-1670\" data-elementor-post-type=\"page\">\n\t\t\t\t<div class=\"elementor-element elementor-element-899a182 e-flex e-con-boxed e-con e-parent\" data-id=\"899a182\" data-element_type=\"container\" data-e-type=\"container\">\n\t\t\t\t\t<div class=\"e-con-inner\">\n\t\t\t\t<div class=\"elementor-element elementor-element-48116ae elementor-widget elementor-widget-heading\" data-id=\"48116ae\" data-element_type=\"widget\" data-e-type=\"widget\" data-widget_type=\"heading.default\">\n\t\t\t\t<div class=\"elementor-widget-container\">\n\t\t\t\t\t<h2 class=\"elementor-heading-title elementor-size-default\">Imprint<\/h2>\t\t\t\t<\/div>\n\t\t\t\t<\/div>\n\t\t\t\t<div class=\"elementor-element elementor-element-1e315ce4 elementor-widget elementor-widget-text-editor\" data-id=\"1e315ce4\" data-element_type=\"widget\" data-e-type=\"widget\" data-widget_type=\"text-editor.default\">\n\t\t\t\t<div class=\"elementor-widget-container\">\n\t\t\t\t\t\t\t\t\t<div><p>HOFA GmbH<br \/>Lu\u00dfhardtstra\u00dfe 1-3<br \/>76689 Karlsdorf<br \/>Deutschland<\/p><p>Tel.: +49 7251 3472-0<br \/>Fax: +49 7251 3472-300<br \/>E-Mail: office@hofa.de<\/p><p>Register court: Mannheim Local Court<br \/>Register number: HRB 231615<\/p><p>Managing Directors: Jochen Sachse, Jan B\u00f6nisch<\/p><p>VAT identification number: DE166022316<\/p><p>Responsible person within the meaning of Section 18 (2) MStV:<br \/>Jan B\u00f6nisch, Lusshardtstr. 1-3, 76689 Karlsdorf<\/p><p>Competent supervisory authority for the provision of audiovisual media services:<br \/>Landesanstalt f\u00fcr Kommunikation Baden-W\u00fcrttemberg (LFK), Reinsburgstra\u00dfe 27, 70178 Stuttgart, Germany<\/p><p>We are neither obliged nor willing to participate in dispute resolution proceedings before a consumer arbitration board.<\/p><p>\u00a0<\/p><\/div><div id=\"itkanzlei_txt_copyright\" style=\"font-size: 12px; margin-top: 8em;\"><div style=\"display: inline-block; vertical-align: top; margin-left: 5px; float: right; white-space: nowrap;\">Stand: 12.01.2026, 16:19:55 Uhr<\/div><div style=\"clear: right;\">\u00a0<\/div><\/div>\t\t\t\t\t\t\t\t<\/div>\n\t\t\t\t<\/div>\n\t\t\t\t\t<\/div>\n\t\t\t\t<\/div>\n\t\t\t\t<\/div>\n\t\t","protected":false},"excerpt":{"rendered":"<p>Imprint HOFA GmbHLu\u00dfhardtstra\u00dfe 1-376689 KarlsdorfDeutschland Tel.: +49 7251 3472-0Fax: +49 7251 3472-300E-Mail: office@hofa.de Register court: Mannheim Local CourtRegister number: HRB 231615 Managing Directors: Jochen Sachse, Jan B\u00f6nisch VAT identification number: DE166022316 Responsible person within the meaning of Section 18 (2) MStV:Jan B\u00f6nisch, Lusshardtstr. 1-3, 76689 Karlsdorf Competent supervisory authority for the provision of audiovisual media [&hellip;]<\/p>\n","protected":false},"author":1,"featured_media":0,"parent":0,"menu_order":7,"comment_status":"closed","ping_status":"closed","template":"","meta":{"_acf_changed":false,"_seopress_robots_primary_cat":"","_seopress_titles_title":"","_seopress_titles_desc":"","_seopress_robots_index":"","inline_featured_image":false,"footnotes":""},"class_list":["post-6386","page","type-page","status-publish","hentry"],"acf":[],"_links":{"self":[{"href":"https:\/\/hofa.de\/en\/wp-json\/wp\/v2\/pages\/6386","targetHints":{"allow":["GET"]}}],"collection":[{"href":"https:\/\/hofa.de\/en\/wp-json\/wp\/v2\/pages"}],"about":[{"href":"https:\/\/hofa.de\/en\/wp-json\/wp\/v2\/types\/page"}],"author":[{"embeddable":true,"href":"https:\/\/hofa.de\/en\/wp-json\/wp\/v2\/users\/1"}],"replies":[{"embeddable":true,"href":"https:\/\/hofa.de\/en\/wp-json\/wp\/v2\/comments?post=6386"}],"version-history":[{"count":11,"href":"https:\/\/hofa.de\/en\/wp-json\/wp\/v2\/pages\/6386\/revisions"}],"predecessor-version":[{"id":12407,"href":"https:\/\/hofa.de\/en\/wp-json\/wp\/v2\/pages\/6386\/revisions\/12407"}],"wp:attachment":[{"href":"https:\/\/hofa.de\/en\/wp-json\/wp\/v2\/media?parent=6386"}],"curies":[{"name":"wp","href":"https:\/\/api.w.org\/{rel}","templated":true}]}}